{"id":768,"date":"2026-02-25T22:39:50","date_gmt":"2026-02-25T22:39:50","guid":{"rendered":"https:\/\/despacio.org\/?page_id=768"},"modified":"2026-05-14T23:20:36","modified_gmt":"2026-05-14T23:20:36","slug":"ayudan","status":"publish","type":"page","link":"https:\/\/despacio.org\/en\/ayudan\/","title":{"rendered":"Ayudan"},"content":{"rendered":"<h1>\u00bfQui\u00e9nes <strong>ayudan?<\/strong><br \/>\n<\/h1>\n\t<meta itemscope itemprop=\"mainEntityOfPage\" itemtype=\"https:\/\/schema.org\/WebPage\" itemid=\"http:\/\/27894\" content=\"Karen Lizeth Sicua Bogot\u00e1\" \/><meta itemprop=\"datePublished\" content=\"2026-05-07\" \/><meta itemprop=\"dateModified\" content=\"2026-05-07\" \/><meta itemprop=\"name\" content=\"Despacio\"\/><meta itemprop=\"url\" content=\"https:\/\/despacio.org\/author\/admin\/\" \/><meta itemprop=\"name\" content=\"Despacio\" \/><meta itemprop=\"url\" content=\"https:\/\/despacio.org\/wp-content\/uploads\/2026\/05\/1000849654.jpg\" \/><meta itemprop=\"width\" content=\"984\" \/><meta itemprop=\"height\" content=\"984\" \/><meta itemprop=\"interactionType\" content=\"https:\/\/schema.org\/CommentAction\" \/><meta itemprop=\"userInteractionCount\" content=\"0\" \/>\n            <img width=\"984\" height=\"984\" src=\"https:\/\/despacio.org\/wp-content\/uploads\/2026\/05\/1000849654.jpg\" alt=\"\" itemprop=\"image\" decoding=\"async\" loading=\"lazy\" srcset=\"https:\/\/despacio.org\/wp-content\/uploads\/2026\/05\/1000849654.jpg 984w, https:\/\/despacio.org\/wp-content\/uploads\/2026\/05\/1000849654-300x300.jpg 300w, https:\/\/despacio.org\/wp-content\/uploads\/2026\/05\/1000849654-150x150.jpg 150w, https:\/\/despacio.org\/wp-content\/uploads\/2026\/05\/1000849654-768x768.jpg 768w, https:\/\/despacio.org\/wp-content\/uploads\/2026\/05\/1000849654-12x12.jpg 12w\" sizes=\"auto, (max-width: 984px) 100vw, 984px\" \/>\n<p>Karen Sicua Bogot\u00e1 es feminista, trabajadora social y mag\u00edster en Urbanismo. Sus principales temas han sido pol\u00edticas de cuidado, feminismos, vivienda y ordenamiento territorial, es una apasionada por los temas relacionados con derecho a la ciudad especialmente en Bogot\u00e1. Le gusta caminar y conocer nuevos lugares, viajar e investigar.<\/p>\n        <h3>Karen Lizeth Sicua Bogot\u00e1<\/h3>\n        <h5>Voluntaria<\/h5>\n            <a href=\"https:\/\/www.linkedin.com\/in\/karen-sicua-bogot%C3%A1-73906118a\/\" target=\"_blank\"><\/a>\n\t<meta itemscope itemprop=\"mainEntityOfPage\" itemtype=\"https:\/\/schema.org\/WebPage\" itemid=\"http:\/\/27725\" content=\"Santiago Wagenaars\" \/><meta itemprop=\"datePublished\" content=\"2026-04-30\" \/><meta itemprop=\"dateModified\" content=\"2026-04-30\" \/><meta itemprop=\"name\" content=\"Despacio\"\/><meta itemprop=\"url\" content=\"https:\/\/despacio.org\/author\/admin\/\" \/><meta itemprop=\"name\" content=\"Despacio\" \/><meta itemprop=\"url\" content=\"https:\/\/despacio.org\/wp-content\/uploads\/2026\/04\/Santiago.jpg\" \/><meta itemprop=\"width\" content=\"500\" \/><meta itemprop=\"height\" content=\"500\" \/><meta itemprop=\"interactionType\" content=\"https:\/\/schema.org\/CommentAction\" \/><meta itemprop=\"userInteractionCount\" content=\"0\" \/>\n            <img width=\"500\" height=\"500\" src=\"https:\/\/despacio.org\/wp-content\/uploads\/2026\/04\/Santiago.jpg\" alt=\"\" itemprop=\"image\" decoding=\"async\" loading=\"lazy\" srcset=\"https:\/\/despacio.org\/wp-content\/uploads\/2026\/04\/Santiago.jpg 500w, https:\/\/despacio.org\/wp-content\/uploads\/2026\/04\/Santiago-300x300.jpg 300w, https:\/\/despacio.org\/wp-content\/uploads\/2026\/04\/Santiago-150x150.jpg 150w, https:\/\/despacio.org\/wp-content\/uploads\/2026\/04\/Santiago-12x12.jpg 12w\" sizes=\"auto, (max-width: 500px) 100vw, 500px\" \/>\n<p>Santiago es ingeniero civil especialista en v\u00edas y transporte de la Universidad Nacional de Colombia sede Manizales. Actualmente est\u00e1 cursando una maestr\u00eda en infraestructura y sistemas de transporte. Es activista urbano de la bici en su ciudad y lo mueve mucho todo lo que tiene que ver con movilidad activa y el urbanismo contempor\u00e1neo. Le gusta el senderismo, habitar la monta\u00f1a, tomar mate y caf\u00e9, leer, el cine y estar en constante aprendizaje. \u00daltimamente ha tratado de vivir m\u00e1s lento, a pesar del &#8216;corre corre&#8217; de las obligaciones. Ahora mismo se est\u00e1 preparando para subir el Poleka Kasue (Nevado Santa Isabel) en un par de meses, y tambi\u00e9n es tutor de un perrito llamado Argos (no por la cementera, sino por el perro de Ulises en la Odisea).<\/p>\n        <h3>Santiago Wagenaars<\/h3>\n        <h5>Voluntario<\/h5>\n            <a href=\"https:\/\/www.linkedin.com\/in\/santiago-wagenaars-rincon-389928238\/\" target=\"_blank\"><\/a>\n\t<meta itemscope itemprop=\"mainEntityOfPage\" itemtype=\"https:\/\/schema.org\/WebPage\" itemid=\"http:\/\/27723\" content=\"David Serna\" \/><meta itemprop=\"datePublished\" content=\"2026-04-30\" \/><meta itemprop=\"dateModified\" content=\"2026-04-30\" \/><meta itemprop=\"name\" content=\"Despacio\"\/><meta itemprop=\"url\" content=\"https:\/\/despacio.org\/author\/admin\/\" \/><meta itemprop=\"name\" content=\"Despacio\" \/><meta itemprop=\"url\" content=\"https:\/\/despacio.org\/wp-content\/uploads\/2026\/04\/David-Serna.jpg\" \/><meta itemprop=\"width\" content=\"500\" \/><meta itemprop=\"height\" content=\"500\" \/><meta itemprop=\"interactionType\" content=\"https:\/\/schema.org\/CommentAction\" \/><meta itemprop=\"userInteractionCount\" content=\"0\" \/>\n            <img width=\"500\" height=\"500\" src=\"https:\/\/despacio.org\/wp-content\/uploads\/2026\/04\/David-Serna.jpg\" alt=\"\" itemprop=\"image\" decoding=\"async\" loading=\"lazy\" srcset=\"https:\/\/despacio.org\/wp-content\/uploads\/2026\/04\/David-Serna.jpg 500w, https:\/\/despacio.org\/wp-content\/uploads\/2026\/04\/David-Serna-300x300.jpg 300w, https:\/\/despacio.org\/wp-content\/uploads\/2026\/04\/David-Serna-150x150.jpg 150w, https:\/\/despacio.org\/wp-content\/uploads\/2026\/04\/David-Serna-12x12.jpg 12w\" sizes=\"auto, (max-width: 500px) 100vw, 500px\" \/>\n<p>David, a quien muchos en el mundo de la bicicleta lo conocen como Davici, es un dise\u00f1ador industrial que se identifica como &#8216;dise\u00f1ador de cambios&#8217;. Se aventur\u00f3 en el mundo del activismo con muchos proyectos y, adem\u00e1s, trabaj\u00f3 en la SDM por 7 a\u00f1os. Desde 2023 est\u00e1 enfocado en su salud y a hacer una maestr\u00eda en Planificaci\u00f3n Urbana y Regional al ritmo que su cuerpo se lo ha permitido. Esa etapa le dej\u00f3 muchas lecciones acerca de aprender a vivir despacio, aprender a escuchar el cuerpo y adem\u00e1s sobre el cuidado; es por este motivo que nos estar\u00e1 acompa\u00f1ando para ir retomando de a poco el mundo laboral y aportar las experiencias y lecciones aprendidas. Desde el 2015 se volvi\u00f3 aficionado a los juegos de mesa, tiene una colecci\u00f3n de juegos variada, le gustan los que tienen que ver con movilidad y planeaci\u00f3n de ciudad, tambi\u00e9n es un gran lector, suele leer cosas sobre muchos temas y, de vez en cuando, se engancha con algo de literatura, aunque ahora le gusta leer manga.<\/p>\n        <h3>David Serna<\/h3>\n        <h5>Voluntario<\/h5>\n\t<meta itemscope itemprop=\"mainEntityOfPage\" itemtype=\"https:\/\/schema.org\/WebPage\" itemid=\"http:\/\/27721\" content=\"Carolina Leal\" \/><meta itemprop=\"datePublished\" content=\"2026-04-30\" \/><meta itemprop=\"dateModified\" content=\"2026-04-30\" \/><meta itemprop=\"name\" content=\"Despacio\"\/><meta itemprop=\"url\" content=\"https:\/\/despacio.org\/author\/admin\/\" \/><meta itemprop=\"name\" content=\"Despacio\" \/><meta itemprop=\"url\" content=\"https:\/\/despacio.org\/wp-content\/uploads\/2026\/04\/Carolina.png\" \/><meta itemprop=\"width\" content=\"500\" \/><meta itemprop=\"height\" content=\"500\" \/><meta itemprop=\"interactionType\" content=\"https:\/\/schema.org\/CommentAction\" \/><meta itemprop=\"userInteractionCount\" content=\"0\" \/>\n            <img width=\"500\" height=\"500\" src=\"https:\/\/despacio.org\/wp-content\/uploads\/2026\/04\/Carolina.png\" alt=\"\" itemprop=\"image\" decoding=\"async\" loading=\"lazy\" srcset=\"https:\/\/despacio.org\/wp-content\/uploads\/2026\/04\/Carolina.png 500w, https:\/\/despacio.org\/wp-content\/uploads\/2026\/04\/Carolina-300x300.png 300w, https:\/\/despacio.org\/wp-content\/uploads\/2026\/04\/Carolina-150x150.png 150w, https:\/\/despacio.org\/wp-content\/uploads\/2026\/04\/Carolina-12x12.png 12w\" sizes=\"auto, (max-width: 500px) 100vw, 500px\" \/>\n<p>Carolina es ingeniera civil de la Universidad Nacional de Colombia, con especializaci\u00f3n en V\u00edas y Transporte y una maestr\u00eda en Infraestructura y Sistemas de Transporte. Ha trabajado en la planificaci\u00f3n y ejecuci\u00f3n de proyectos de infraestructura vial, la supervisi\u00f3n de obras civiles y la gesti\u00f3n de soluciones tecnol\u00f3gicas para la movilidad. Est\u00e1 motivada a contribuir al desarrollo de ciudades m\u00e1s sostenibles y mejor planificadas, porque creo que una movilidad inteligente y ordenada es clave para un futuro m\u00e1s habitable y quiere ser parte del cambio hacia un mundo m\u00e1s seguro, limpio y eficiente, pensando en las generaciones que vienen. En su tiempo libre le gusta ir al gimnasio, cocinar y leer.<\/p>\n        <h3>Carolina Leal<\/h3>\n        <h5>Voluntaria<\/h5>\n            <a href=\"mailto:carolinaleal@despacio.org\"><\/a>\n\t<meta itemscope itemprop=\"mainEntityOfPage\" itemtype=\"https:\/\/schema.org\/WebPage\" itemid=\"http:\/\/27719\" content=\"Maryfely Rinc\u00f3n\" \/><meta itemprop=\"datePublished\" content=\"2026-04-30\" \/><meta itemprop=\"dateModified\" content=\"2026-04-30\" \/><meta itemprop=\"name\" content=\"Despacio\"\/><meta itemprop=\"url\" content=\"https:\/\/despacio.org\/author\/admin\/\" \/><meta itemprop=\"name\" content=\"Despacio\" \/><meta itemprop=\"url\" content=\"https:\/\/despacio.org\/wp-content\/uploads\/2026\/04\/maryfely.jpg\" \/><meta itemprop=\"width\" content=\"500\" \/><meta itemprop=\"height\" content=\"500\" \/><meta itemprop=\"interactionType\" content=\"https:\/\/schema.org\/CommentAction\" \/><meta itemprop=\"userInteractionCount\" content=\"0\" \/>\n            <img width=\"500\" height=\"500\" src=\"https:\/\/despacio.org\/wp-content\/uploads\/2026\/04\/maryfely.jpg\" alt=\"\" itemprop=\"image\" decoding=\"async\" loading=\"lazy\" srcset=\"https:\/\/despacio.org\/wp-content\/uploads\/2026\/04\/maryfely.jpg 500w, https:\/\/despacio.org\/wp-content\/uploads\/2026\/04\/maryfely-300x300.jpg 300w, https:\/\/despacio.org\/wp-content\/uploads\/2026\/04\/maryfely-150x150.jpg 150w, https:\/\/despacio.org\/wp-content\/uploads\/2026\/04\/maryfely-12x12.jpg 12w\" sizes=\"auto, (max-width: 500px) 100vw, 500px\" \/>\n<p>Gestora urbana de la Universidad del Rosario. Apasionada por la m\u00fasica, las ciudades y los libros. Le interesan los temas de resiliencia urbana, movilidad, transporte sostenible y construcci\u00f3n de h\u00e1bitat. Tiene experiencia en el campo de la investigaci\u00f3n sobre temas de transporte y seguridad vial, producci\u00f3n cartogr\u00e1fica y trabajo de campo.<\/p>\n        <h3>Maryfely Rinc\u00f3n<\/h3>\n        <h5>Asesora externa<\/h5>\n            <a href=\"mailto:maryfely@despacio.org\"><\/a>\n\t<meta itemscope itemprop=\"mainEntityOfPage\" itemtype=\"https:\/\/schema.org\/WebPage\" itemid=\"http:\/\/27717\" content=\"Sydney Coldren\" \/><meta itemprop=\"datePublished\" content=\"2026-04-30\" \/><meta itemprop=\"dateModified\" content=\"2026-04-30\" \/><meta itemprop=\"name\" content=\"Despacio\"\/><meta itemprop=\"url\" content=\"https:\/\/despacio.org\/author\/admin\/\" \/><meta itemprop=\"name\" content=\"Despacio\" \/><meta itemprop=\"url\" content=\"https:\/\/despacio.org\/wp-content\/uploads\/2026\/04\/Sidney-ByN-500.jpg\" \/><meta itemprop=\"width\" content=\"500\" \/><meta itemprop=\"height\" content=\"500\" \/><meta itemprop=\"interactionType\" content=\"https:\/\/schema.org\/CommentAction\" \/><meta itemprop=\"userInteractionCount\" content=\"0\" \/>\n            <img width=\"500\" height=\"500\" src=\"https:\/\/despacio.org\/wp-content\/uploads\/2026\/04\/Sidney-ByN-500.jpg\" alt=\"\" itemprop=\"image\" decoding=\"async\" loading=\"lazy\" srcset=\"https:\/\/despacio.org\/wp-content\/uploads\/2026\/04\/Sidney-ByN-500.jpg 500w, https:\/\/despacio.org\/wp-content\/uploads\/2026\/04\/Sidney-ByN-500-300x300.jpg 300w, https:\/\/despacio.org\/wp-content\/uploads\/2026\/04\/Sidney-ByN-500-150x150.jpg 150w, https:\/\/despacio.org\/wp-content\/uploads\/2026\/04\/Sidney-ByN-500-12x12.jpg 12w\" sizes=\"auto, (max-width: 500px) 100vw, 500px\" \/>\n<p>Sydney tiene una licenciatura en Antropolog\u00eda, Estudios Ambientales y Pensamiento Social de la Universidad de Rice en Houston, EE. UU. Ha participado en varios proyectos de investigaci\u00f3n enfocados en movilidad e infraestructura y le fascina la manera en que la intersecci\u00f3n entre el dise\u00f1o urbano, la equidad y el cuidado puede construir un futuro mejor. Actualmente, trabaja con la Universidad de Los Andes gracias a una beca de investigaci\u00f3n para explorar estos temas m\u00e1s a fondo. A Sydney le encanta tomar caf\u00e9, cocinar en su peque\u00f1a cocina y caminar a todas partes. Este a\u00f1o espera encontrar el valor para empezar a montar en bicicleta.<\/p>\n        <h3>Sydney Coldren<\/h3>\n        <h5>Voluntaria<\/h5>\n\t<meta itemscope itemprop=\"mainEntityOfPage\" itemtype=\"https:\/\/schema.org\/WebPage\" itemid=\"http:\/\/27715\" content=\"Jonas Hagen\" \/><meta itemprop=\"datePublished\" content=\"2026-04-30\" \/><meta itemprop=\"dateModified\" content=\"2026-04-30\" \/><meta itemprop=\"name\" content=\"Despacio\"\/><meta itemprop=\"url\" content=\"https:\/\/despacio.org\/author\/admin\/\" \/><meta itemprop=\"name\" content=\"Despacio\" \/><meta itemprop=\"url\" content=\"https:\/\/despacio.org\/wp-content\/uploads\/2026\/04\/jonas.jpg\" \/><meta itemprop=\"width\" content=\"500\" \/><meta itemprop=\"height\" content=\"500\" \/><meta itemprop=\"interactionType\" content=\"https:\/\/schema.org\/CommentAction\" \/><meta itemprop=\"userInteractionCount\" content=\"0\" \/>\n            <img width=\"500\" height=\"500\" src=\"https:\/\/despacio.org\/wp-content\/uploads\/2026\/04\/jonas.jpg\" alt=\"\" itemprop=\"image\" decoding=\"async\" loading=\"lazy\" srcset=\"https:\/\/despacio.org\/wp-content\/uploads\/2026\/04\/jonas.jpg 500w, https:\/\/despacio.org\/wp-content\/uploads\/2026\/04\/jonas-300x300.jpg 300w, https:\/\/despacio.org\/wp-content\/uploads\/2026\/04\/jonas-150x150.jpg 150w, https:\/\/despacio.org\/wp-content\/uploads\/2026\/04\/jonas-12x12.jpg 12w\" sizes=\"auto, (max-width: 500px) 100vw, 500px\" \/>\n<p>Urbanista nueva yorkino y alem\u00e1n con extensa experiencia profesional en Latinoam\u00e9rica. Vivi\u00f3 4 a\u00f1os en Uruguay y 5 en Brasil. Participa en proyectos de movilidad desde 2003, cuando trabaj\u00f3 en Bogot\u00e1. Ahora hace un doctorado sobre el tema Slow en la Universidad de Colombia y colabora con Despacio y otras organizaciones internacionales como el Director de Despacio USA.<\/p>\n        <h3>Jonas Hagen<\/h3>\n        <h5>Director Despacio EE. UU.<\/h5>\n            <a href=\"https:\/\/www.linkedin.com\/in\/jonas-hagen-consultant\/\" target=\"_blank\"><\/a>\n\t<meta itemscope itemprop=\"mainEntityOfPage\" itemtype=\"https:\/\/schema.org\/WebPage\" itemid=\"http:\/\/27713\" content=\"Juanita S\u00e1nchez\" \/><meta itemprop=\"datePublished\" content=\"2026-04-30\" \/><meta itemprop=\"dateModified\" content=\"2026-04-30\" \/><meta itemprop=\"name\" content=\"Despacio\"\/><meta itemprop=\"url\" content=\"https:\/\/despacio.org\/author\/admin\/\" \/><meta itemprop=\"name\" content=\"Despacio\" \/><meta itemprop=\"url\" content=\"https:\/\/despacio.org\/wp-content\/uploads\/2026\/04\/juanita.jpg\" \/><meta itemprop=\"width\" content=\"500\" \/><meta itemprop=\"height\" content=\"500\" \/><meta itemprop=\"interactionType\" content=\"https:\/\/schema.org\/CommentAction\" \/><meta itemprop=\"userInteractionCount\" content=\"0\" \/>\n            <img width=\"500\" height=\"500\" src=\"https:\/\/despacio.org\/wp-content\/uploads\/2026\/04\/juanita.jpg\" alt=\"\" itemprop=\"image\" decoding=\"async\" loading=\"lazy\" srcset=\"https:\/\/despacio.org\/wp-content\/uploads\/2026\/04\/juanita.jpg 500w, https:\/\/despacio.org\/wp-content\/uploads\/2026\/04\/juanita-300x300.jpg 300w, https:\/\/despacio.org\/wp-content\/uploads\/2026\/04\/juanita-150x150.jpg 150w, https:\/\/despacio.org\/wp-content\/uploads\/2026\/04\/juanita-12x12.jpg 12w\" sizes=\"auto, (max-width: 500px) 100vw, 500px\" \/>\n<p>Abogada especializada en derecho internacional del transporte de la Universidad Externado de Colombia, Master en Programaci\u00f3n Neuroling\u00fc\u00edstica de Colinde M\u00e9xico. Tiene mucha experiencia en temas de medio ambiente, formulaci\u00f3n, gesti\u00f3n y evaluaci\u00f3n de proyectos tanto en el sector p\u00fablico como el privado. Ha trabajado con la CAR y como consultora para el Ministerio de Medio Ambiente, la WWF, el Instituto von Humboldt, la fundaci\u00f3n Natura y para varias empresas del sector privado.<\/p>\n        <h3>Juanita S\u00e1nchez<\/h3>\n        <h5>Directora Despacio Europa<\/h5>\n            <a href=\"https:\/\/www.linkedin.com\/in\/juana-sanchez-ortega\/\" target=\"_blank\"><\/a>\n\t<meta itemscope itemprop=\"mainEntityOfPage\" itemtype=\"https:\/\/schema.org\/WebPage\" itemid=\"http:\/\/919\" content=\"Claudio Olivares Medina\" \/><meta itemprop=\"datePublished\" content=\"2026-02-27\" \/><meta itemprop=\"dateModified\" content=\"2026-02-27\" \/><meta itemprop=\"name\" content=\"Despacio\"\/><meta itemprop=\"url\" content=\"https:\/\/despacio.org\/author\/admin\/\" \/><meta itemprop=\"name\" content=\"Despacio\" \/><meta itemprop=\"url\" content=\"https:\/\/despacio.org\/wp-content\/uploads\/2026\/02\/claudio.jpg\" \/><meta itemprop=\"width\" content=\"500\" \/><meta itemprop=\"height\" content=\"500\" \/><meta itemprop=\"interactionType\" content=\"https:\/\/schema.org\/CommentAction\" \/><meta itemprop=\"userInteractionCount\" content=\"0\" \/>\n            <img width=\"500\" height=\"500\" src=\"https:\/\/despacio.org\/wp-content\/uploads\/2026\/02\/claudio.jpg\" alt=\"\" itemprop=\"image\" decoding=\"async\" loading=\"lazy\" srcset=\"https:\/\/despacio.org\/wp-content\/uploads\/2026\/02\/claudio.jpg 500w, https:\/\/despacio.org\/wp-content\/uploads\/2026\/02\/claudio-300x300.jpg 300w, https:\/\/despacio.org\/wp-content\/uploads\/2026\/02\/claudio-150x150.jpg 150w\" sizes=\"auto, (max-width: 500px) 100vw, 500px\" \/>\n<p>Dise\u00f1ador en Comunicaci\u00f3n Visual, fot\u00f3grafo callejero y Director de Bicivil\u00edzate.com. Nos acompa\u00f1a en Despacio casi desde sus or\u00edgenes, como dise\u00f1ador y consultor en Transporte Activo y Experiencia Urbana. Actualmente est\u00e1 cursando una Maestr\u00eda en H\u00e1bitat Residencial en la Facultad de Arquitectura y Urbanismo de la Universidad de Chile.<\/p>\n        <h3>Claudio Olivares Medina<\/h3>\n        <h5>C\u00f3mplice de ideas y consultor<\/h5>\n            <a href=\"http:\/\/www.instagram.com\/bicivilizate\" target=\"_blank\"><\/a>\n            <a href=\"http:\/\/twitter.com\/bicivilizate\" target=\"_blank\"><\/a>\n\t<meta itemscope itemprop=\"mainEntityOfPage\" itemtype=\"https:\/\/schema.org\/WebPage\" itemid=\"http:\/\/921\" content=\"Adriana Hurtado-Tarazona\" \/><meta itemprop=\"datePublished\" content=\"2026-02-27\" \/><meta itemprop=\"dateModified\" content=\"2026-02-27\" \/><meta itemprop=\"name\" content=\"Despacio\"\/><meta itemprop=\"url\" content=\"https:\/\/despacio.org\/author\/admin\/\" \/><meta itemprop=\"name\" content=\"Despacio\" \/><meta itemprop=\"url\" content=\"https:\/\/despacio.org\/wp-content\/uploads\/2026\/02\/adriana.jpg\" \/><meta itemprop=\"width\" content=\"500\" \/><meta itemprop=\"height\" content=\"500\" \/><meta itemprop=\"interactionType\" content=\"https:\/\/schema.org\/CommentAction\" \/><meta itemprop=\"userInteractionCount\" content=\"0\" \/>\n            <img width=\"500\" height=\"500\" src=\"https:\/\/despacio.org\/wp-content\/uploads\/2026\/02\/adriana.jpg\" alt=\"\" itemprop=\"image\" decoding=\"async\" loading=\"lazy\" srcset=\"https:\/\/despacio.org\/wp-content\/uploads\/2026\/02\/adriana.jpg 500w, https:\/\/despacio.org\/wp-content\/uploads\/2026\/02\/adriana-300x300.jpg 300w, https:\/\/despacio.org\/wp-content\/uploads\/2026\/02\/adriana-150x150.jpg 150w\" sizes=\"auto, (max-width: 500px) 100vw, 500px\" \/>\n<p>Antrop\u00f3loga, M\u00e1gister en Planeaci\u00f3n Urbana. Ha trabajado en docencia e investigaci\u00f3n en temas de gesti\u00f3n urbana, vivienda y suelo urbano, adem\u00e1s de coordinar proyectos de inclusi\u00f3n social, desarrollo urbano, salud p\u00fablica, entre otros. <\/p>\n<p>Es miembra de la Junta Directiva de la Fundaci\u00f3n y ayud\u00f3 sustancialmente en el desarrollo del concepto de la Fundaci\u00f3n en sus comienzos.<\/p>\n        <h3>Adriana Hurtado-Tarazona<\/h3>\n        <h5>Consejo fundador<\/h5>\n            <a href=\"https:\/\/twitter.com\/ahurtadot\" target=\"_blank\"><\/a>\n\t<meta itemscope itemprop=\"mainEntityOfPage\" itemtype=\"https:\/\/schema.org\/WebPage\" itemid=\"http:\/\/923\" content=\"M\u00f3nica Pardo\" \/><meta itemprop=\"datePublished\" content=\"2026-02-27\" \/><meta itemprop=\"dateModified\" content=\"2026-02-27\" \/><meta itemprop=\"name\" content=\"Despacio\"\/><meta itemprop=\"url\" content=\"https:\/\/despacio.org\/author\/admin\/\" \/><meta itemprop=\"name\" content=\"Despacio\" \/><meta itemprop=\"url\" content=\"https:\/\/despacio.org\/wp-content\/uploads\/2026\/02\/monica.jpg\" \/><meta itemprop=\"width\" content=\"527\" \/><meta itemprop=\"height\" content=\"527\" \/><meta itemprop=\"interactionType\" content=\"https:\/\/schema.org\/CommentAction\" \/><meta itemprop=\"userInteractionCount\" content=\"0\" \/>\n            <img width=\"527\" height=\"527\" src=\"https:\/\/despacio.org\/wp-content\/uploads\/2026\/02\/monica.jpg\" alt=\"\" itemprop=\"image\" decoding=\"async\" loading=\"lazy\" srcset=\"https:\/\/despacio.org\/wp-content\/uploads\/2026\/02\/monica.jpg 527w, https:\/\/despacio.org\/wp-content\/uploads\/2026\/02\/monica-300x300.jpg 300w, https:\/\/despacio.org\/wp-content\/uploads\/2026\/02\/monica-150x150.jpg 150w\" sizes=\"auto, (max-width: 527px) 100vw, 527px\" \/>\n<p>Actriz formada en el estudio de Juan Carlos Corazza en Madrid y comunicadora social con \u00e9nfasis audiovisual de la Javeriana. Cuando no est\u00e1 haciendo un papel (es decir, actuando, no elaborando hojas), colabora en proyectos espec\u00edficos de Despacio.<\/p>\n<p> El gran apoyo de M\u00f3nica para Despacio fue que b\u00e1sicamente hizo todo lo necesario para que el Flashmob en Transmilenio fuera el gran \u00e9xito que ha sido, y ha ayudado con otros proyectos que est\u00e1n por salir adem\u00e1s de apoyar muchas cosas (como ayudar a que la gente de la oficina sepa escribir bien). Hace poco empez\u00f3 a usar su bici como medio de transporte y siente que la ciudad tiene otro color.<\/p>\n        <h3>M\u00f3nica Pardo<\/h3>\n        <h5>Colaboradora en producci\u00f3n<\/h5>\n\t\t<!-- .pp-content-posts -->\n\t<p>Navegar a qui\u00e9nes <a href=\"https:\/\/despacio.org\/en\/estan\/\"><strong>est\u00e1n<\/strong><\/a>,\u00a0<a href=\"https:\/\/despacio.org\/en\/ayudan\/\"><strong>ayudan<\/strong><\/a>\u00a0y\u00a0<a href=\"https:\/\/despacio.org\/en\/han-estado\/\"><strong>han estado<\/strong><\/a>.<\/p>","protected":false},"excerpt":{"rendered":"<p>\u00bfQui\u00e9nes ayudan? Karen Sicua Bogot\u00e1 es feminista, trabajadora social y mag\u00edster en Urbanismo. Sus principales temas han sido pol\u00edticas de cuidado, feminismos, vivienda y ordenamiento territorial, es una apasionada por los temas relacionados con derecho a la ciudad especialmente en Bogot\u00e1. Le gusta caminar y conocer nuevos lugares, viajar e investigar. Karen Lizeth Sicua Bogot\u00e1&hellip;<\/p>","protected":false},"author":1,"featured_media":0,"parent":0,"menu_order":0,"comment_status":"closed","ping_status":"closed","template":"","meta":{"_acf_changed":false,"footnotes":""},"class_list":["post-768","page","type-page","status-publish","hentry"],"acf":[],"_links":{"self":[{"href":"https:\/\/despacio.org\/en\/wp-json\/wp\/v2\/pages\/768","targetHints":{"allow":["GET"]}}],"collection":[{"href":"https:\/\/despacio.org\/en\/wp-json\/wp\/v2\/pages"}],"about":[{"href":"https:\/\/despacio.org\/en\/wp-json\/wp\/v2\/types\/page"}],"author":[{"embeddable":true,"href":"https:\/\/despacio.org\/en\/wp-json\/wp\/v2\/users\/1"}],"replies":[{"embeddable":true,"href":"https:\/\/despacio.org\/en\/wp-json\/wp\/v2\/comments?post=768"}],"version-history":[{"count":1,"href":"https:\/\/despacio.org\/en\/wp-json\/wp\/v2\/pages\/768\/revisions"}],"predecessor-version":[{"id":27908,"href":"https:\/\/despacio.org\/en\/wp-json\/wp\/v2\/pages\/768\/revisions\/27908"}],"wp:attachment":[{"href":"https:\/\/despacio.org\/en\/wp-json\/wp\/v2\/media?parent=768"}],"curies":[{"name":"wp","href":"https:\/\/api.w.org\/{rel}","templated":true}]}}