{"id":766,"date":"2026-02-25T22:39:35","date_gmt":"2026-02-25T22:39:35","guid":{"rendered":"https:\/\/despacio.org\/?page_id=766"},"modified":"2026-02-27T00:53:11","modified_gmt":"2026-02-27T00:53:11","slug":"han-estado","status":"publish","type":"page","link":"https:\/\/despacio.org\/en\/han-estado\/","title":{"rendered":"Han estado"},"content":{"rendered":"<h1>\u00bfQui\u00e9nes <strong>han estado?<\/strong><br \/>\n<\/h1>\n\t<p>Navegar a qui\u00e9nes <a href=\"https:\/\/despacio.org\/en\/estan\/\"><strong>est\u00e1n<\/strong><\/a>,\u00a0<a href=\"https:\/\/despacio.org\/en\/ayudan\/\"><strong>ayudan<\/strong><\/a>\u00a0y\u00a0<a href=\"https:\/\/despacio.org\/en\/han-estado\/\"><strong>han estado<\/strong><\/a>.<\/p>","protected":false},"excerpt":{"rendered":"<p>\u00bfQui\u00e9nes han estado? Navegar a qui\u00e9nes est\u00e1n,\u00a0ayudan\u00a0y\u00a0han estado.<\/p>","protected":false},"author":1,"featured_media":0,"parent":0,"menu_order":0,"comment_status":"closed","ping_status":"closed","template":"","meta":{"_acf_changed":false,"footnotes":""},"class_list":["post-766","page","type-page","status-publish","hentry"],"acf":[],"_links":{"self":[{"href":"https:\/\/despacio.org\/en\/wp-json\/wp\/v2\/pages\/766","targetHints":{"allow":["GET"]}}],"collection":[{"href":"https:\/\/despacio.org\/en\/wp-json\/wp\/v2\/pages"}],"about":[{"href":"https:\/\/despacio.org\/en\/wp-json\/wp\/v2\/types\/page"}],"author":[{"embeddable":true,"href":"https:\/\/despacio.org\/en\/wp-json\/wp\/v2\/users\/1"}],"replies":[{"embeddable":true,"href":"https:\/\/despacio.org\/en\/wp-json\/wp\/v2\/comments?post=766"}],"version-history":[{"count":7,"href":"https:\/\/despacio.org\/en\/wp-json\/wp\/v2\/pages\/766\/revisions"}],"predecessor-version":[{"id":927,"href":"https:\/\/despacio.org\/en\/wp-json\/wp\/v2\/pages\/766\/revisions\/927"}],"wp:attachment":[{"href":"https:\/\/despacio.org\/en\/wp-json\/wp\/v2\/media?parent=766"}],"curies":[{"name":"wp","href":"https:\/\/api.w.org\/{rel}","templated":true}]}}