{"id":764,"date":"2026-02-25T22:39:23","date_gmt":"2026-02-25T22:39:23","guid":{"rendered":"https:\/\/despacio.org\/?page_id=764"},"modified":"2026-02-27T00:38:00","modified_gmt":"2026-02-27T00:38:00","slug":"estan","status":"publish","type":"page","link":"https:\/\/despacio.org\/en\/estan\/","title":{"rendered":"Est\u00e1n"},"content":{"rendered":"<h1>\u00bfQui\u00e9nes <strong>Est\u00e1n?<\/strong><br \/>\n<\/h1>\n\t<p>Navegar a qui\u00e9nes <a href=\"https:\/\/despacio.org\/en\/estan\/\"><strong>est\u00e1n<\/strong><\/a>,\u00a0<a href=\"https:\/\/despacio.org\/en\/ayudan\/\"><strong>ayudan<\/strong><\/a>\u00a0y\u00a0<a href=\"https:\/\/despacio.org\/en\/han-estado\/\"><strong>han estado<\/strong><\/a>.<\/p>","protected":false},"excerpt":{"rendered":"<p>\u00bfQui\u00e9nes Est\u00e1n? Navegar a qui\u00e9nes est\u00e1n,\u00a0ayudan\u00a0y\u00a0han estado.<\/p>","protected":false},"author":1,"featured_media":0,"parent":0,"menu_order":0,"comment_status":"closed","ping_status":"closed","template":"","meta":{"_acf_changed":false,"footnotes":""},"class_list":["post-764","page","type-page","status-publish","hentry"],"acf":[],"_links":{"self":[{"href":"https:\/\/despacio.org\/en\/wp-json\/wp\/v2\/pages\/764","targetHints":{"allow":["GET"]}}],"collection":[{"href":"https:\/\/despacio.org\/en\/wp-json\/wp\/v2\/pages"}],"about":[{"href":"https:\/\/despacio.org\/en\/wp-json\/wp\/v2\/types\/page"}],"author":[{"embeddable":true,"href":"https:\/\/despacio.org\/en\/wp-json\/wp\/v2\/users\/1"}],"replies":[{"embeddable":true,"href":"https:\/\/despacio.org\/en\/wp-json\/wp\/v2\/comments?post=764"}],"version-history":[{"count":16,"href":"https:\/\/despacio.org\/en\/wp-json\/wp\/v2\/pages\/764\/revisions"}],"predecessor-version":[{"id":902,"href":"https:\/\/despacio.org\/en\/wp-json\/wp\/v2\/pages\/764\/revisions\/902"}],"wp:attachment":[{"href":"https:\/\/despacio.org\/en\/wp-json\/wp\/v2\/media?parent=764"}],"curies":[{"name":"wp","href":"https:\/\/api.w.org\/{rel}","templated":true}]}}