{"id":494,"date":"2026-02-23T19:42:22","date_gmt":"2026-02-23T19:42:22","guid":{"rendered":"https:\/\/despacio.org\/?page_id=494"},"modified":"2026-02-26T19:26:34","modified_gmt":"2026-02-26T19:26:34","slug":"dona","status":"publish","type":"page","link":"https:\/\/despacio.org\/en\/dona\/","title":{"rendered":"Donate"},"content":{"rendered":"<h1><strong>Ay\u00fadanos<\/strong> aretrasar el <strong>fin<\/strong><br \/>\ndel <strong>mundo<\/strong> <\/h1>\n\t<p>Con tu <strong>donaci\u00f3n<\/strong> vamos a poder seguir produciendo libros, respondiendo preguntas dif\u00edciles sobre los temas que nos apasionan, y ayudando a poblaciones vulnerables con <strong>proyectos de alto impacto.<\/strong><\/p>\n<h2>\n\t\t\t(Formulario Afrus)\t<\/h2>","protected":false},"excerpt":{"rendered":"<p>Ay\u00fadanos aretrasar el fin del mundo Con tu donaci\u00f3n vamos a poder seguir produciendo libros, respondiendo preguntas dif\u00edciles sobre los temas que nos apasionan, y ayudando a poblaciones vulnerables con proyectos de alto impacto. (Formulario Afrus)<\/p>","protected":false},"author":1,"featured_media":0,"parent":0,"menu_order":0,"comment_status":"closed","ping_status":"closed","template":"","meta":{"_acf_changed":false,"footnotes":""},"class_list":["post-494","page","type-page","status-publish","hentry"],"acf":[],"_links":{"self":[{"href":"https:\/\/despacio.org\/en\/wp-json\/wp\/v2\/pages\/494","targetHints":{"allow":["GET"]}}],"collection":[{"href":"https:\/\/despacio.org\/en\/wp-json\/wp\/v2\/pages"}],"about":[{"href":"https:\/\/despacio.org\/en\/wp-json\/wp\/v2\/types\/page"}],"author":[{"embeddable":true,"href":"https:\/\/despacio.org\/en\/wp-json\/wp\/v2\/users\/1"}],"replies":[{"embeddable":true,"href":"https:\/\/despacio.org\/en\/wp-json\/wp\/v2\/comments?post=494"}],"version-history":[{"count":5,"href":"https:\/\/despacio.org\/en\/wp-json\/wp\/v2\/pages\/494\/revisions"}],"predecessor-version":[{"id":859,"href":"https:\/\/despacio.org\/en\/wp-json\/wp\/v2\/pages\/494\/revisions\/859"}],"wp:attachment":[{"href":"https:\/\/despacio.org\/en\/wp-json\/wp\/v2\/media?parent=494"}],"curies":[{"name":"wp","href":"https:\/\/api.w.org\/{rel}","templated":true}]}}