{"id":468,"date":"2026-02-23T17:36:32","date_gmt":"2026-02-23T17:36:32","guid":{"rendered":"https:\/\/despacio.org\/?page_id=468"},"modified":"2026-02-27T01:22:38","modified_gmt":"2026-02-27T01:22:38","slug":"biblioteca","status":"publish","type":"page","link":"https:\/\/despacio.org\/en\/biblioteca\/","title":{"rendered":"Library"},"content":{"rendered":"<h1>Library<br \/>\n<strong>digital<\/strong> <\/h1>\n\t\t\t\t\t\t\t\t\t<img loading=\"lazy\" decoding=\"async\" src=\"https:\/\/despacio.org\/wp-content\/uploads\/2026\/02\/leyendo.png\" alt=\"leyendo\" itemprop=\"image\" height=\"614\" width=\"900\" srcset=\"https:\/\/despacio.org\/wp-content\/uploads\/2026\/02\/leyendo.png 900w, https:\/\/despacio.org\/wp-content\/uploads\/2026\/02\/leyendo-300x205.png 300w, https:\/\/despacio.org\/wp-content\/uploads\/2026\/02\/leyendo-768x524.png 768w\" sizes=\"auto, (max-width: 900px) 100vw, 900px\" title=\"leyendo\" onerror=\"this.style.display='none'\"  \/>\n\t<p>Esta es la Biblioteca digital de Despacio. Aqu\u00ed encuentra varias compilaciones con documentos y publicaciones sobre temas que le interesan a Despacio. Cada pasillo est\u00e1 dedicado a mujeres que, de una u otra manera, inspiran el trabajo de Despacio y a quienes queremos hacer un homenaje. Por ahora, tenemos compilaciones sobre ciclo-inclusi\u00f3n, velocidad en el transporte, caminar como medio de transporte, y g\u00e9nero y transporte.<\/p>\n\t<h1><strong>\u00bfPor qu\u00e9<\/strong> hicimos<br \/>\nuna biblioteca?<\/h1>\n\t\t\t\t\t\t\t\t\t<img loading=\"lazy\" decoding=\"async\" src=\"https:\/\/despacio.org\/wp-content\/uploads\/2026\/02\/ilust4.png\" alt=\"ilust4\" itemprop=\"image\" height=\"500\" width=\"625\" srcset=\"https:\/\/despacio.org\/wp-content\/uploads\/2026\/02\/ilust4.png 625w, https:\/\/despacio.org\/wp-content\/uploads\/2026\/02\/ilust4-300x240.png 300w\" sizes=\"auto, (max-width: 625px) 100vw, 625px\" title=\"ilust4\" onerror=\"this.style.display='none'\"  \/>\n\t<p>Tenemos una necesidad permanente por no perder informaci\u00f3n importante. En nuestro trabajo, nos hemos encontrado con documentos que son dif\u00edciles de encontrar (tambi\u00e9n algunos que se encuentran f\u00e1cilmente) y siempre nos preocupa perder las referencias.<\/p>\n<p>&nbsp;<\/p>\n<p>Por eso hemos armado compilaciones propias de archivos; as\u00ed los enlaces siempre estar\u00e1n a disposici\u00f3n de todas las personas. Antes ten\u00edamos una biblioteca f\u00edsica pero, a decir verdad, era dif\u00edcil de acceder y sistematizar. Creamos esta biblioteca digital para que muchas m\u00e1s personas puedan acceder.<\/p>\n\t<h1><strong>\u00bfC\u00f3mo funciona<\/strong><br \/>\nesta biblioteca?<\/h1>\n\t<p>El sistema es sencillo: para cada uno de nuestros temas de inter\u00e9s hemos creado una compilaci\u00f3n de documentos e investigaciones en Dropbox. Al hacer clic en cada uno de los nombres, tendr\u00e1 acceso a estos documentos.<\/p>\n<p>&nbsp;<\/p>\n<p>En general, hemos hecho lo posible por seguir las indicaciones de permisos para distribuir documentos, y nos parece que nuestra compilaci\u00f3n sigue esas reglas al pie de la letra. Si usted ve que alg\u00fan documento incumple las reglas de distribuci\u00f3n o est\u00e1 fuera de lugar, por favor, \u00a1escr\u00edbanos!<\/p>\n<h2>\n\t\t<a href=\"https:\/\/www.dropbox.com\/sh\/3tw2uvota9jtope\/AAAKZSbLuu7_kS2S8C4yeG2Da?dl=0\" title=\"Boblioteca Marina Harkot\"  target=\"_blank\"  rel=\"noopener\">\n\t\t\tBoblioteca Marina Harkot\t\t<\/a>\n\t<\/h2>\n<h4>\n\t\t<a href=\"https:\/\/www.dropbox.com\/sh\/3tw2uvota9jtope\/AAAKZSbLuu7_kS2S8C4yeG2Da?dl=0\" title=\"Sobre ciclo - inclusi\u00f3n\"  target=\"_blank\"  rel=\"noopener\">\n\t\t\tSobre ciclo &#8211; inclusi\u00f3n\t\t<\/a>\n\t<\/h4>\n\t<p>Necesitamos mejorar las condiciones de todas las personas que usan la bicicleta. Con esta biblioteca esperamos reducir la probabilidad de muertes injustas y devastadoras como la de Marina Harkot, C\u00e9sar Criollo y una largu\u00edsima lista de personas.<\/p>\n<p>Marina, una de nuestras primeras voluntarias, perdi\u00f3 la vida en noviembre de 2020 mientras viajaba en su bicicleta por un siniestro vial. En homenaje a su trabajo como investigadora, feminista y activista de la bici, bautizamos esta biblioteca con su nombre.<\/p>\n\t\t\t\t\t\t\t\t<a href=\"https:\/\/www.dropbox.com\/sh\/3tw2uvota9jtope\/AAAKZSbLuu7_kS2S8C4yeG2Da?dl=0\" target=\"_blank\" itemprop=\"url\" rel=\"noopener\">\n\t\t\t\t\t\t\t\t\t<img loading=\"lazy\" decoding=\"async\" src=\"https:\/\/despacio.org\/wp-content\/uploads\/2026\/02\/ilusb1.jpg\" alt=\"ilusb1\" itemprop=\"image\" height=\"409\" width=\"663\" srcset=\"https:\/\/despacio.org\/wp-content\/uploads\/2026\/02\/ilusb1.jpg 663w, https:\/\/despacio.org\/wp-content\/uploads\/2026\/02\/ilusb1-300x185.jpg 300w\" sizes=\"auto, (max-width: 663px) 100vw, 663px\" title=\"ilusb1\" onerror=\"this.style.display='none'\"  \/>\n\t\t\t\t\t\t\t\t\t\t\t\t\t<\/a>\n<h2>\n\t\t<a href=\"https:\/\/www.dropbox.com\/sh\/zo2a9tordua95fr\/AAAGeWP8T8wV-xqteihkMquWa?dl=0\" title=\"Boblioteca Laura Carolina Guevara\"  target=\"_blank\"  rel=\"noopener\">\n\t\t\tBoblioteca Laura Carolina Guevara\t\t<\/a>\n\t<\/h2>\n<h4>\n\t\t<a href=\"https:\/\/www.dropbox.com\/sh\/zo2a9tordua95fr\/AAAGeWP8T8wV-xqteihkMquWa?dl=0\" title=\"Sobre velocidad en el transporte\"  target=\"_blank\"  rel=\"noopener\">\n\t\t\tSobre velocidad en el transporte\t\t<\/a>\n\t<\/h4>\n\t<p>Esta compilaci\u00f3n est\u00e1 estructurada en carpetas de temas bastante amplios como activismo (advocacy), comportamiento veloz, gesti\u00f3n de la velocidad, l\u00edmites de velocidad, masculinidades, y documentos de Naciones Unidas.<\/p>\n<p>Laura Carolina Guevara fue una estudiante de derecho que falleci\u00f3 en un siniestro vial en el norte de Bogot\u00e1, v\u00edctima de una persona que se desplazaba con exceso de velocidad en su camioneta. Su historia nos ha inspirado a seguir trabajando por construir v\u00edas para la vida.<\/p>\n\t\t\t\t\t\t\t\t<a href=\"https:\/\/www.dropbox.com\/sh\/zo2a9tordua95fr\/AAAGeWP8T8wV-xqteihkMquWa?dl=0\" target=\"_blank\" itemprop=\"url\" rel=\"noopener\">\n\t\t\t\t\t\t\t\t\t<img loading=\"lazy\" decoding=\"async\" src=\"https:\/\/despacio.org\/wp-content\/uploads\/2026\/02\/ilusb2.jpg\" alt=\"ilusb2\" itemprop=\"image\" height=\"409\" width=\"663\" srcset=\"https:\/\/despacio.org\/wp-content\/uploads\/2026\/02\/ilusb2.jpg 663w, https:\/\/despacio.org\/wp-content\/uploads\/2026\/02\/ilusb2-300x185.jpg 300w\" sizes=\"auto, (max-width: 663px) 100vw, 663px\" title=\"ilusb2\" onerror=\"this.style.display='none'\"  \/>\n\t\t\t\t\t\t\t\t\t\t\t\t\t<\/a>\n<h2>\n\t\t<a href=\"https:\/\/www.dropbox.com\/sh\/xzvsk3qpf37a8m1\/AAATpcI_8vAFGzhENAjWFrrza?dl=0\" title=\"Boblioteca Soraya Az\u00e1n\"  target=\"_blank\"  rel=\"noopener\">\n\t\t\tBoblioteca Soraya Az\u00e1n\t\t<\/a>\n\t<\/h2>\n<h4>\n\t\t<a href=\"https:\/\/www.dropbox.com\/sh\/xzvsk3qpf37a8m1\/AAATpcI_8vAFGzhENAjWFrrza?dl=0\" title=\"Sobre caminar como medio de transporte\"  target=\"_blank\"  rel=\"noopener\">\n\t\t\tSobre caminar como medio de transporte\t\t<\/a>\n\t<\/h4>\n\t<p>Esta compilaci\u00f3n est\u00e1 estructurada en carpetas de temas como pol\u00edticas relacionadas con caminar en Bogot\u00e1 y Colombia, documentos conceptuales y pol\u00edticas para promover la caminata en el mundo, gu\u00edas de dise\u00f1o y de mejora de condiciones para caminar, y documentos con indicaciones para monitorear la caminata como medio de transporte.<\/p>\n<p>Soraya Az\u00e1n fue una arquitecta venezolana que, desde la CAF, lider\u00f3 esfuerzos por una mejor pr\u00e1ctica de la movilidad sostenible. Gracias a ella hicimos realidad muchos de nuestros sue\u00f1os. \u00a1Nos dio alas y nos llev\u00f3 a volar alto!<\/p>\n\t\t\t\t\t\t\t\t<a href=\"https:\/\/www.dropbox.com\/sh\/xzvsk3qpf37a8m1\/AAATpcI_8vAFGzhENAjWFrrza?dl=0\" target=\"_blank\" itemprop=\"url\" rel=\"noopener\">\n\t\t\t\t\t\t\t\t\t<img loading=\"lazy\" decoding=\"async\" src=\"https:\/\/despacio.org\/wp-content\/uploads\/2026\/02\/ilusb3.jpg\" alt=\"ilusb3\" itemprop=\"image\" height=\"409\" width=\"663\" srcset=\"https:\/\/despacio.org\/wp-content\/uploads\/2026\/02\/ilusb3.jpg 663w, https:\/\/despacio.org\/wp-content\/uploads\/2026\/02\/ilusb3-300x185.jpg 300w\" sizes=\"auto, (max-width: 663px) 100vw, 663px\" title=\"ilusb3\" onerror=\"this.style.display='none'\"  \/>\n\t\t\t\t\t\t\t\t\t\t\t\t\t<\/a>\n<h2>\n\t\t<a href=\"https:\/\/www.dropbox.com\/sh\/2g45a8q9i0q859f\/AACAF8w1B-7Xh2hiHKV2aqiAa?dl=0\" title=\"Biblioteca Sylvia Chant\"  target=\"_blank\"  rel=\"noopener\">\n\t\t\tBiblioteca Sylvia Chant\t\t<\/a>\n\t<\/h2>\n<h4>\n\t\t<a href=\"https:\/\/www.dropbox.com\/sh\/2g45a8q9i0q859f\/AACAF8w1B-7Xh2hiHKV2aqiAa?dl=0\" title=\"Sobre g\u00e9nero y transporte\"  target=\"_blank\"  rel=\"noopener\">\n\t\t\tSobre g\u00e9nero y transporte\t\t<\/a>\n\t<\/h4>\n\t<p>El g\u00e9nero es un elemento clave de la movilidad urbana. Sabemos que sus patrones de movilidad son m\u00e1s complejos y, por eso, el objetivo de esta biblioteca es dar un paso m\u00e1s hacia la inclusi\u00f3n de la perspectiva de g\u00e9nero en las pol\u00edticas de movilidad, y empoderar a las mujeres que trabajan en transporte y movilidad.<\/p>\n<p>Sylvia Chant fue una ge\u00f3grafa feminista que public\u00f3 estudios sobre g\u00e9nero y el desarrollo urbano, su trabajo nos ha inspirado a continuar transversalizando el enfoque de g\u00e9nero en todos nuestros proyectos.<\/p>\n\t\t\t\t\t\t\t\t<a href=\"https:\/\/www.dropbox.com\/sh\/2g45a8q9i0q859f\/AACAF8w1B-7Xh2hiHKV2aqiAa?dl=0\" target=\"_self\" itemprop=\"url\">\n\t\t\t\t\t\t\t\t\t<img loading=\"lazy\" decoding=\"async\" src=\"https:\/\/despacio.org\/wp-content\/uploads\/2026\/02\/ilusb4.jpg\" alt=\"ilusb4\" itemprop=\"image\" height=\"409\" width=\"663\" srcset=\"https:\/\/despacio.org\/wp-content\/uploads\/2026\/02\/ilusb4.jpg 663w, https:\/\/despacio.org\/wp-content\/uploads\/2026\/02\/ilusb4-300x185.jpg 300w\" sizes=\"auto, (max-width: 663px) 100vw, 663px\" title=\"ilusb4\" onerror=\"this.style.display='none'\"  \/>\n\t\t\t\t\t\t\t\t\t\t\t\t\t<\/a>\n\t<a href=\"mailto:oficina@despacio.org\" target=\"_blank\" role=\"button\" rel=\"noopener\" aria-label=\"Recomi\u00e9ndenosPublicaciones\">\n\t\t\t\t\t\tRecomi\u00e9ndenos<br \/>Publicaciones\n\t\t\t\t\t<\/a>\n\t<p>Ninguna de estas compilaciones es exhaustiva y sabemos que pueden haber m\u00e1s y mejores documentos que enriquezcan nuestra biblioteca.<\/p>\n<p>Por eso, si usted piensa que tenemos que agregar alguna publicaci\u00f3n, no dude en avisarnos.<a href=\"mailto:oficina@despacio.org\" target=\"_blank\" rel=\"noopener\"> Env\u00ede un correo<\/a> con el t\u00edtulo y link de la publicaci\u00f3n, y haremos lo posible por sumarla a nuestras compilaciones.<\/p>\n\t<a href=\"https:\/\/despacio.org\/en\/dona\/\" target=\"_self\" role=\"button\" aria-label=\"Done para mejorarla biblioteca\">\n\t\t\t\t\t\tDone para mejorar<br \/>la biblioteca\n\t\t\t\t\t<\/a>\n\t<p>Esta versi\u00f3n de la biblioteca digital es solo el comienzo. Queremos que crezca, que ayude a investigadoras, tomadoras de decisi\u00f3n y dem\u00e1s personas interesadas, y, en un futuro, que se convierta en una gran biblioteca f\u00edsica.<\/p>\n<p>Por eso, si a usted le gust\u00f3 lo que vio, puede donar desde 50 mil pesos en adelante <a href=\"https:\/\/despacio.org\/en\/dona\/\">aqu\u00ed<\/a>.<\/p>\n\t<a href=\"mailto:oficina@despacio.org\" target=\"_blank\" role=\"button\" rel=\"noopener\" aria-label=\"Escr\u00edbanos Sugerencias y\/o Quejas\">\n\t\t\t\t\t\tEscr\u00edbanos Sugerencias <br \/>y\/o Quejas\n\t\t\t\t\t<\/a>\n\t<p>Esta biblioteca puede mejorar -lo sabemos-. Por eso, si usted tiene alguna sugerencia, comentario, queja o lo que sea, <a href=\"mailto:oficina@despacio.org\" target=\"_blank\" rel=\"noopener\">escr\u00edbanos.<\/a><\/p>\n<p>Seguramente, lo que escriba nos ayudar\u00e1 a mejorar y, si piensa en grande, permitir\u00e1 que la gente mejore su calidad de vida.<\/p>","protected":false},"excerpt":{"rendered":"<p>Biblioteca digital Esta es la Biblioteca digital de Despacio. Aqu\u00ed encuentra varias compilaciones con documentos y publicaciones sobre temas que le interesan a Despacio. Cada pasillo est\u00e1 dedicado a mujeres que, de una u otra manera, inspiran el trabajo de Despacio y a quienes queremos hacer un homenaje. Por ahora, tenemos compilaciones sobre ciclo-inclusi\u00f3n, velocidad&hellip;<\/p>","protected":false},"author":1,"featured_media":0,"parent":0,"menu_order":0,"comment_status":"closed","ping_status":"closed","template":"","meta":{"_acf_changed":false,"footnotes":""},"class_list":["post-468","page","type-page","status-publish","hentry"],"acf":[],"_links":{"self":[{"href":"https:\/\/despacio.org\/en\/wp-json\/wp\/v2\/pages\/468","targetHints":{"allow":["GET"]}}],"collection":[{"href":"https:\/\/despacio.org\/en\/wp-json\/wp\/v2\/pages"}],"about":[{"href":"https:\/\/despacio.org\/en\/wp-json\/wp\/v2\/types\/page"}],"author":[{"embeddable":true,"href":"https:\/\/despacio.org\/en\/wp-json\/wp\/v2\/users\/1"}],"replies":[{"embeddable":true,"href":"https:\/\/despacio.org\/en\/wp-json\/wp\/v2\/comments?post=468"}],"version-history":[{"count":14,"href":"https:\/\/despacio.org\/en\/wp-json\/wp\/v2\/pages\/468\/revisions"}],"predecessor-version":[{"id":941,"href":"https:\/\/despacio.org\/en\/wp-json\/wp\/v2\/pages\/468\/revisions\/941"}],"wp:attachment":[{"href":"https:\/\/despacio.org\/en\/wp-json\/wp\/v2\/media?parent=468"}],"curies":[{"name":"wp","href":"https:\/\/api.w.org\/{rel}","templated":true}]}}