{"id":375,"date":"2026-02-18T22:34:15","date_gmt":"2026-02-18T22:34:15","guid":{"rendered":"https:\/\/despacio.org\/?page_id=375"},"modified":"2026-02-27T00:58:58","modified_gmt":"2026-02-27T00:58:58","slug":"somos","status":"publish","type":"page","link":"https:\/\/despacio.org\/en\/somos\/","title":{"rendered":"Who we are"},"content":{"rendered":"<h1><br \/>\nUsar <strong>bien<\/strong> el <strong>tiempo<\/strong> para  <strong>disfrutar<\/strong> <br \/>\n de la <strong>vida.<\/strong><br \/>\n<\/h1>\n\n\t\t\t\t\t\t\t\t\t<img loading=\"lazy\" decoding=\"async\" src=\"https:\/\/despacio.org\/wp-content\/uploads\/2026\/02\/solecito.png\" alt=\"solecito\" itemprop=\"image\" height=\"376\" width=\"400\" srcset=\"https:\/\/despacio.org\/wp-content\/uploads\/2026\/02\/solecito.png 400w, https:\/\/despacio.org\/wp-content\/uploads\/2026\/02\/solecito-300x282.png 300w\" sizes=\"auto, (max-width: 400px) 100vw, 400px\" title=\"solecito\" onerror=\"this.style.display='none'\"  \/>\n\t<p>Despacio es un centro de investigaci\u00f3n que existe desde 2008 y fue constituido legalmente como entidad sin \u00e1nimo de lucro en Colombia en 2011. Tiene como objeto promover la calidad de vida en ciudades y durante todas las etapas del ciclo vital a trav\u00e9s de la investigaci\u00f3n aplicada y con un \u00e9nfasis en retar lo intuitivo.<\/p>\n<p><em><strong>Su filosof\u00eda es similar a la del movimiento Slow<\/strong> <\/em>y busca mejorar el bienestar de comunidades e individuos desde los aspectos m\u00e1s individuales y familiares (comer, transportarse, criar hijos, organizarse en la casa y en el trabajo) hasta lo m\u00e1s colectivo (planear y gestionar ciudades humanas y sostenibles).<\/p>\n<p>Tenemos un equipo multidisciplinario que busca mejorar el bienestar de comunidades y personas en todas las etapas del ciclo vital, gestionando ciudades lentas, humanas, amables y sostenibles.<\/p>\n\t<h1>Retamos lo<\/h1>\n<p><strong>intuitivo<\/strong> en<\/p>\n<h1>tres \u00e1mbitos. <\/h1>\n\t\t\t\t\t\t\t\t\t<img loading=\"lazy\" decoding=\"async\" src=\"https:\/\/despacio.org\/wp-content\/uploads\/2026\/02\/cometa.png\" alt=\"cometa\" itemprop=\"image\" height=\"617\" width=\"638\" srcset=\"https:\/\/despacio.org\/wp-content\/uploads\/2026\/02\/cometa.png 638w, https:\/\/despacio.org\/wp-content\/uploads\/2026\/02\/cometa-300x290.png 300w\" sizes=\"auto, (max-width: 638px) 100vw, 638px\" title=\"cometa\" onerror=\"this.style.display='none'\"  \/>\n\t\t\t\t\t\t\t\t\t<img loading=\"lazy\" decoding=\"async\" src=\"https:\/\/despacio.org\/wp-content\/uploads\/2026\/02\/alex-person-zJVwFEnk2SU-unsplash-scaled-1.jpg\" alt=\"alex-person-zJVwFEnk2SU-unsplash-scaled\" itemprop=\"image\" height=\"1707\" width=\"2560\" srcset=\"https:\/\/despacio.org\/wp-content\/uploads\/2026\/02\/alex-person-zJVwFEnk2SU-unsplash-scaled-1.jpg 2560w, https:\/\/despacio.org\/wp-content\/uploads\/2026\/02\/alex-person-zJVwFEnk2SU-unsplash-scaled-1-300x200.jpg 300w, https:\/\/despacio.org\/wp-content\/uploads\/2026\/02\/alex-person-zJVwFEnk2SU-unsplash-scaled-1-1024x683.jpg 1024w, https:\/\/despacio.org\/wp-content\/uploads\/2026\/02\/alex-person-zJVwFEnk2SU-unsplash-scaled-1-768x512.jpg 768w, https:\/\/despacio.org\/wp-content\/uploads\/2026\/02\/alex-person-zJVwFEnk2SU-unsplash-scaled-1-1536x1024.jpg 1536w, https:\/\/despacio.org\/wp-content\/uploads\/2026\/02\/alex-person-zJVwFEnk2SU-unsplash-scaled-1-2048x1366.jpg 2048w\" sizes=\"auto, (max-width: 2560px) 100vw, 2560px\" title=\"alex-person-zJVwFEnk2SU-unsplash-scaled\" onerror=\"this.style.display='none'\"  \/>\n<h2>\n\t\t\t1.\t<\/h2>\n<h2>\n\t\t\tCiudades\t<\/h2>\n\t<p>Encontrar maneras para poder vivir la ciudad a una velocidad adecuada y as\u00ed avanzar hacia un espacio urbano humano y sostenible.<\/p>\n\t\t\t\t\t\t\t\t\t<img loading=\"lazy\" decoding=\"async\" src=\"https:\/\/despacio.org\/wp-content\/uploads\/2026\/02\/CLO-scaled-1.jpg\" alt=\"CLO-scaled\" itemprop=\"image\" height=\"1707\" width=\"2560\" srcset=\"https:\/\/despacio.org\/wp-content\/uploads\/2026\/02\/CLO-scaled-1.jpg 2560w, https:\/\/despacio.org\/wp-content\/uploads\/2026\/02\/CLO-scaled-1-300x200.jpg 300w, https:\/\/despacio.org\/wp-content\/uploads\/2026\/02\/CLO-scaled-1-1024x683.jpg 1024w, https:\/\/despacio.org\/wp-content\/uploads\/2026\/02\/CLO-scaled-1-768x512.jpg 768w, https:\/\/despacio.org\/wp-content\/uploads\/2026\/02\/CLO-scaled-1-1536x1024.jpg 1536w, https:\/\/despacio.org\/wp-content\/uploads\/2026\/02\/CLO-scaled-1-2048x1366.jpg 2048w\" sizes=\"auto, (max-width: 2560px) 100vw, 2560px\" title=\"CLO-scaled\" onerror=\"this.style.display='none'\"  \/>\n<h2>\n\t\t\t2.\t<\/h2>\n<h2>\n\t\t\tClima\t<\/h2>\n\t<p>Ayudamos a la mitigaci\u00f3n y adaptaci\u00f3n urbana al cambio clim\u00e1tico con acciones en la esfera p\u00fablica y privada, desde una escala macro (pol\u00edticas regionales y nacionales) hasta acciones individuales en el hogar.<\/p>\n\t\t\t\t\t\t\t\t\t<img loading=\"lazy\" decoding=\"async\" src=\"https:\/\/despacio.org\/wp-content\/uploads\/2026\/02\/IMG_4836-scaled-1.jpg\" alt=\"IMG_4836-scaled\" itemprop=\"image\" height=\"1707\" width=\"2560\" srcset=\"https:\/\/despacio.org\/wp-content\/uploads\/2026\/02\/IMG_4836-scaled-1.jpg 2560w, https:\/\/despacio.org\/wp-content\/uploads\/2026\/02\/IMG_4836-scaled-1-300x200.jpg 300w, https:\/\/despacio.org\/wp-content\/uploads\/2026\/02\/IMG_4836-scaled-1-1024x683.jpg 1024w, https:\/\/despacio.org\/wp-content\/uploads\/2026\/02\/IMG_4836-scaled-1-768x512.jpg 768w, https:\/\/despacio.org\/wp-content\/uploads\/2026\/02\/IMG_4836-scaled-1-1536x1024.jpg 1536w, https:\/\/despacio.org\/wp-content\/uploads\/2026\/02\/IMG_4836-scaled-1-2048x1366.jpg 2048w\" sizes=\"auto, (max-width: 2560px) 100vw, 2560px\" title=\"IMG_4836-scaled\" onerror=\"this.style.display='none'\"  \/>\n<h2>\n\t\t\t3.\t<\/h2>\n<h2>\n\t\t\tVida\t<\/h2>\n\t<p>Buscamos dar apoyo en la experiencia individual, familiar y laboral para todas las etapas de la vida. Desde la crianza simple y enfocada, organizaci\u00f3n en el estudio o el trabajo, en la vida dom\u00e9stica, alimentaci\u00f3n, h\u00e1bitos de consumo, ocio y recreaci\u00f3n.<\/p>\n\t<h1>El equipo<br \/>\n<strong>Despacio<\/strong> <\/h1>\n\n\t<p>Despacio est\u00e1 compuesta por todos quienes est\u00e9n interesados en mejorar la calidad de vida a trav\u00e9s de proyectos que hace o quiere hacer esta organizaci\u00f3n.<\/p>\n<p>Hemos trabajado con muchas personas, amigos y colaboradores, desde el surgimiento de la idea hasta su materializaci\u00f3n.<\/p>\n\t\t\t\t\t\t\t\t\t<img loading=\"lazy\" decoding=\"async\" src=\"https:\/\/despacio.org\/wp-content\/uploads\/2026\/02\/equipo.jpg\" alt=\"equipo\" itemprop=\"image\" height=\"899\" width=\"800\" srcset=\"https:\/\/despacio.org\/wp-content\/uploads\/2026\/02\/equipo.jpg 800w, https:\/\/despacio.org\/wp-content\/uploads\/2026\/02\/equipo-267x300.jpg 267w, https:\/\/despacio.org\/wp-content\/uploads\/2026\/02\/equipo-768x863.jpg 768w\" sizes=\"auto, (max-width: 800px) 100vw, 800px\" title=\"equipo\" onerror=\"this.style.display='none'\"  \/>\n\n\t<p>Conoce qui\u00e9nes <a href=\"https:\/\/despacio.org\/en\/estan\/\"><strong>est\u00e1n<\/strong><\/a>, <a href=\"https:\/\/despacio.org\/en\/ayudan\/\"><strong>ayudan<\/strong><\/a> y <a href=\"https:\/\/despacio.org\/en\/han-estado\/\"><strong>han estado<\/strong><\/a>.<\/p>\n\t<p>Despacio fue fundada por <strong>Carlos Felipe Pardo<\/strong> con ayuda de muchas personas. Todo empez\u00f3 en varios papeles con apuntes en octubre de 2008 y se formaliz\u00f3 cuando se cre\u00f3 como Fundaci\u00f3n en Mayo de 2011 en Bogot\u00e1. Pardo fue el Director Ejecutivo de Despacio hasta el 2018 y ahora trabaja en otras cosas.<\/p>\n\t\t\t\t\t\t<figure>\n\t\t\t\t\t\t\t<img loading=\"lazy\" decoding=\"async\" src=\"https:\/\/despacio.org\/wp-content\/uploads\/2026\/02\/22-Pardo-Cartel-YVD.jpg\" alt=\"\" srcset=\"https:\/\/despacio.org\/wp-content\/uploads\/2026\/02\/22-Pardo-Cartel-YVD.jpg 500w, https:\/\/despacio.org\/wp-content\/uploads\/2026\/02\/22-Pardo-Cartel-YVD-300x300.jpg 300w, https:\/\/despacio.org\/wp-content\/uploads\/2026\/02\/22-Pardo-Cartel-YVD-150x150.jpg 150w\" width=\"500\" height=\"500\" \/>\n\t\t\t\t\t\t\t\t\t\t\t\t\t<\/figure>\n\t\t\t\t\t\t<figure>\n\t\t\t\t\t\t\t<img loading=\"lazy\" decoding=\"async\" src=\"https:\/\/despacio.org\/wp-content\/uploads\/2026\/02\/5-Lina-Lo-Cartel-YVD.jpg\" alt=\"\" srcset=\"https:\/\/despacio.org\/wp-content\/uploads\/2026\/02\/5-Lina-Lo-Cartel-YVD.jpg 500w, https:\/\/despacio.org\/wp-content\/uploads\/2026\/02\/5-Lina-Lo-Cartel-YVD-300x300.jpg 300w, https:\/\/despacio.org\/wp-content\/uploads\/2026\/02\/5-Lina-Lo-Cartel-YVD-150x150.jpg 150w\" width=\"500\" height=\"500\" \/>\n\t\t\t\t\t\t\t\t\t\t\t\t\t<\/figure>\n\t\t\t\t\t\t<figure>\n\t\t\t\t\t\t\t<img loading=\"lazy\" decoding=\"async\" src=\"https:\/\/despacio.org\/wp-content\/uploads\/2026\/02\/2-Ale-Cartel-YVD.jpg\" alt=\"\" srcset=\"https:\/\/despacio.org\/wp-content\/uploads\/2026\/02\/2-Ale-Cartel-YVD.jpg 500w, https:\/\/despacio.org\/wp-content\/uploads\/2026\/02\/2-Ale-Cartel-YVD-300x300.jpg 300w, https:\/\/despacio.org\/wp-content\/uploads\/2026\/02\/2-Ale-Cartel-YVD-150x150.jpg 150w\" width=\"500\" height=\"500\" \/>\n\t\t\t\t\t\t\t\t\t\t\t\t\t<\/figure>\n\t\t\t\t\t\t<figure>\n\t\t\t\t\t\t\t<img loading=\"lazy\" decoding=\"async\" src=\"https:\/\/despacio.org\/wp-content\/uploads\/2026\/02\/13-Christian-Cartel-YVD.jpg\" alt=\"\" srcset=\"https:\/\/despacio.org\/wp-content\/uploads\/2026\/02\/13-Christian-Cartel-YVD.jpg 500w, https:\/\/despacio.org\/wp-content\/uploads\/2026\/02\/13-Christian-Cartel-YVD-300x300.jpg 300w, https:\/\/despacio.org\/wp-content\/uploads\/2026\/02\/13-Christian-Cartel-YVD-150x150.jpg 150w\" width=\"500\" height=\"500\" \/>\n\t\t\t\t\t\t\t\t\t\t\t\t\t<\/figure>\n\t\t\t\t\t\t<figure>\n\t\t\t\t\t\t\t<img loading=\"lazy\" decoding=\"async\" src=\"https:\/\/despacio.org\/wp-content\/uploads\/2026\/02\/15-Fer-Cartel-YVD.jpg\" alt=\"\" srcset=\"https:\/\/despacio.org\/wp-content\/uploads\/2026\/02\/15-Fer-Cartel-YVD.jpg 500w, https:\/\/despacio.org\/wp-content\/uploads\/2026\/02\/15-Fer-Cartel-YVD-300x300.jpg 300w, https:\/\/despacio.org\/wp-content\/uploads\/2026\/02\/15-Fer-Cartel-YVD-150x150.jpg 150w\" width=\"500\" height=\"500\" \/>\n\t\t\t\t\t\t\t\t\t\t\t\t\t<\/figure>\n\t\t\t\t\t\t<figure>\n\t\t\t\t\t\t\t<img loading=\"lazy\" decoding=\"async\" src=\"https:\/\/despacio.org\/wp-content\/uploads\/2026\/02\/12-Jorge-Cartel-YVD.jpg\" alt=\"\" srcset=\"https:\/\/despacio.org\/wp-content\/uploads\/2026\/02\/12-Jorge-Cartel-YVD.jpg 500w, https:\/\/despacio.org\/wp-content\/uploads\/2026\/02\/12-Jorge-Cartel-YVD-300x300.jpg 300w, https:\/\/despacio.org\/wp-content\/uploads\/2026\/02\/12-Jorge-Cartel-YVD-150x150.jpg 150w\" width=\"500\" height=\"500\" \/>\n\t\t\t\t\t\t\t\t\t\t\t\t\t<\/figure>\n\t\t\t\t\t\t<figure>\n\t\t\t\t\t\t\t<img loading=\"lazy\" decoding=\"async\" src=\"https:\/\/despacio.org\/wp-content\/uploads\/2026\/02\/1-Patricia-Cartel-YVD.jpg\" alt=\"\" srcset=\"https:\/\/despacio.org\/wp-content\/uploads\/2026\/02\/1-Patricia-Cartel-YVD.jpg 500w, https:\/\/despacio.org\/wp-content\/uploads\/2026\/02\/1-Patricia-Cartel-YVD-300x300.jpg 300w, https:\/\/despacio.org\/wp-content\/uploads\/2026\/02\/1-Patricia-Cartel-YVD-150x150.jpg 150w\" width=\"500\" height=\"500\" \/>\n\t\t\t\t\t\t\t\t\t\t\t\t\t<\/figure>\n\t\t\t\t\t\t<figure>\n\t\t\t\t\t\t\t<img loading=\"lazy\" decoding=\"async\" src=\"https:\/\/despacio.org\/wp-content\/uploads\/2026\/02\/23-Freddie-Cartel-YVD.jpg\" alt=\"\" srcset=\"https:\/\/despacio.org\/wp-content\/uploads\/2026\/02\/23-Freddie-Cartel-YVD.jpg 500w, https:\/\/despacio.org\/wp-content\/uploads\/2026\/02\/23-Freddie-Cartel-YVD-300x300.jpg 300w, https:\/\/despacio.org\/wp-content\/uploads\/2026\/02\/23-Freddie-Cartel-YVD-150x150.jpg 150w\" width=\"500\" height=\"500\" \/>\n\t\t\t\t\t\t\t\t\t\t\t\t\t<\/figure>\n\t\t\t\t\t\t<figure>\n\t\t\t\t\t\t\t<img loading=\"lazy\" decoding=\"async\" src=\"https:\/\/despacio.org\/wp-content\/uploads\/2026\/02\/28-Alba-Lu-Cartel-YVD-1.jpg\" alt=\"\" srcset=\"https:\/\/despacio.org\/wp-content\/uploads\/2026\/02\/28-Alba-Lu-Cartel-YVD-1.jpg 500w, https:\/\/despacio.org\/wp-content\/uploads\/2026\/02\/28-Alba-Lu-Cartel-YVD-1-300x300.jpg 300w, https:\/\/despacio.org\/wp-content\/uploads\/2026\/02\/28-Alba-Lu-Cartel-YVD-1-150x150.jpg 150w\" width=\"500\" height=\"500\" \/>\n\t\t\t\t\t\t\t\t\t\t\t\t\t<\/figure>\n\t\t\t\t\t\t<figure>\n\t\t\t\t\t\t\t<img loading=\"lazy\" decoding=\"async\" src=\"https:\/\/despacio.org\/wp-content\/uploads\/2026\/02\/26-Ernesto-Cartel-YVD.jpg\" alt=\"\" srcset=\"https:\/\/despacio.org\/wp-content\/uploads\/2026\/02\/26-Ernesto-Cartel-YVD.jpg 500w, https:\/\/despacio.org\/wp-content\/uploads\/2026\/02\/26-Ernesto-Cartel-YVD-300x300.jpg 300w, https:\/\/despacio.org\/wp-content\/uploads\/2026\/02\/26-Ernesto-Cartel-YVD-150x150.jpg 150w\" width=\"500\" height=\"500\" \/>\n\t\t\t\t\t\t\t\t\t\t\t\t\t<\/figure>\n\t\t\t\t\t\t<figure>\n\t\t\t\t\t\t\t<img loading=\"lazy\" decoding=\"async\" src=\"https:\/\/despacio.org\/wp-content\/uploads\/2026\/02\/24-Mafe-Cartel-YVD.jpg\" alt=\"\" srcset=\"https:\/\/despacio.org\/wp-content\/uploads\/2026\/02\/24-Mafe-Cartel-YVD.jpg 500w, https:\/\/despacio.org\/wp-content\/uploads\/2026\/02\/24-Mafe-Cartel-YVD-300x300.jpg 300w, https:\/\/despacio.org\/wp-content\/uploads\/2026\/02\/24-Mafe-Cartel-YVD-150x150.jpg 150w\" width=\"500\" height=\"500\" \/>\n\t\t\t\t\t\t\t\t\t\t\t\t\t<\/figure>\n\t\t\t\t\t\t<figure>\n\t\t\t\t\t\t\t<img loading=\"lazy\" decoding=\"async\" src=\"https:\/\/despacio.org\/wp-content\/uploads\/2026\/02\/11-Camilo-Cartel-YVD.jpg\" alt=\"\" srcset=\"https:\/\/despacio.org\/wp-content\/uploads\/2026\/02\/11-Camilo-Cartel-YVD.jpg 500w, https:\/\/despacio.org\/wp-content\/uploads\/2026\/02\/11-Camilo-Cartel-YVD-300x300.jpg 300w, https:\/\/despacio.org\/wp-content\/uploads\/2026\/02\/11-Camilo-Cartel-YVD-150x150.jpg 150w\" width=\"500\" height=\"500\" \/>\n\t\t\t\t\t\t\t\t\t\t\t\t\t<\/figure>\n\t\t\t\t\t\t<figure>\n\t\t\t\t\t\t\t<img loading=\"lazy\" decoding=\"async\" src=\"https:\/\/despacio.org\/wp-content\/uploads\/2026\/02\/28-Alba-Lu-Cartel-YVD.jpg\" alt=\"\" srcset=\"https:\/\/despacio.org\/wp-content\/uploads\/2026\/02\/28-Alba-Lu-Cartel-YVD.jpg 500w, https:\/\/despacio.org\/wp-content\/uploads\/2026\/02\/28-Alba-Lu-Cartel-YVD-300x300.jpg 300w, https:\/\/despacio.org\/wp-content\/uploads\/2026\/02\/28-Alba-Lu-Cartel-YVD-150x150.jpg 150w\" width=\"500\" height=\"500\" \/>\n\t\t\t\t\t\t\t\t\t\t\t\t\t<\/figure>\n\t\t\t\t\t\t<figure>\n\t\t\t\t\t\t\t<img loading=\"lazy\" decoding=\"async\" src=\"https:\/\/despacio.org\/wp-content\/uploads\/2026\/02\/25-Aleja-Maria-Cartel-YVD.jpg\" alt=\"\" srcset=\"https:\/\/despacio.org\/wp-content\/uploads\/2026\/02\/25-Aleja-Maria-Cartel-YVD.jpg 500w, https:\/\/despacio.org\/wp-content\/uploads\/2026\/02\/25-Aleja-Maria-Cartel-YVD-300x300.jpg 300w, https:\/\/despacio.org\/wp-content\/uploads\/2026\/02\/25-Aleja-Maria-Cartel-YVD-150x150.jpg 150w\" width=\"500\" height=\"500\" \/>\n\t\t\t\t\t\t\t\t\t\t\t\t\t<\/figure>\n\t\t\t\t\t<!-- navigation arrows -->\n\t\t<button aria-label=\"previo\" role=\"button\" tabindex=\"0\">\n\t\t\t\t\t<\/button>\n\t\t<button aria-label=\"siguiente\" role=\"button\" tabindex=\"0\">\n\t\t\t\t\t<\/button>","protected":false},"excerpt":{"rendered":"<p>Usar bien el tiempo para disfrutar de la vida. Despacio es un centro de investigaci\u00f3n que existe desde 2008 y fue constituido legalmente como entidad sin \u00e1nimo de lucro en Colombia en 2011. Tiene como objeto promover la calidad de vida en ciudades y durante todas las etapas del ciclo vital a trav\u00e9s de la&hellip;<\/p>","protected":false},"author":1,"featured_media":0,"parent":0,"menu_order":0,"comment_status":"closed","ping_status":"closed","template":"","meta":{"_acf_changed":false,"footnotes":""},"class_list":["post-375","page","type-page","status-publish","hentry"],"acf":[],"_links":{"self":[{"href":"https:\/\/despacio.org\/en\/wp-json\/wp\/v2\/pages\/375","targetHints":{"allow":["GET"]}}],"collection":[{"href":"https:\/\/despacio.org\/en\/wp-json\/wp\/v2\/pages"}],"about":[{"href":"https:\/\/despacio.org\/en\/wp-json\/wp\/v2\/types\/page"}],"author":[{"embeddable":true,"href":"https:\/\/despacio.org\/en\/wp-json\/wp\/v2\/users\/1"}],"replies":[{"embeddable":true,"href":"https:\/\/despacio.org\/en\/wp-json\/wp\/v2\/comments?post=375"}],"version-history":[{"count":17,"href":"https:\/\/despacio.org\/en\/wp-json\/wp\/v2\/pages\/375\/revisions"}],"predecessor-version":[{"id":934,"href":"https:\/\/despacio.org\/en\/wp-json\/wp\/v2\/pages\/375\/revisions\/934"}],"wp:attachment":[{"href":"https:\/\/despacio.org\/en\/wp-json\/wp\/v2\/media?parent=375"}],"curies":[{"name":"wp","href":"https:\/\/api.w.org\/{rel}","templated":true}]}}