{"id":27689,"date":"2026-04-29T21:20:00","date_gmt":"2026-04-29T21:20:00","guid":{"rendered":"https:\/\/despacio.org\/?page_id=27689"},"modified":"2026-04-29T21:25:30","modified_gmt":"2026-04-29T21:25:30","slug":"trabajemos","status":"publish","type":"page","link":"https:\/\/despacio.org\/en\/trabajemos\/","title":{"rendered":"Trabajemos"},"content":{"rendered":"<h1>Trabajemos<br \/>\n<\/h1>\n\t<p>Usted tambi\u00e9n puede trabajar en Despacio. Abajo puede ver algunas de las oportunidades abiertas. Primero le damos la opci\u00f3n de presentarse en general (sin un cargo espec\u00edfico al que quiera presentarse), y luego puede haber oportunidades espec\u00edficas.<\/p>\n\t<p>&nbsp;<\/p>\n<p>Para cualquier cargo<\/p>\n\t<p>Si quiere darnos su informaci\u00f3n para que le tengamos en cuenta para cualquier posici\u00f3n, pueden completar <strong><a href=\"https:\/\/forms.gle\/xKbLyiFqKeiD9pLk6\" target=\"_blank\" rel=\"noopener\">este formulario (clic)<\/a><\/strong> en cualquier momento -no es necesario que tenga en mente una oferta existente-. La base de datos de este formulario se utiliza cuando se est\u00e1 buscando a alguien para trabajar en un proyecto, \u00a1entonces si deja sus datos bien completos ya los tendremos para contactarle!<\/p>","protected":false},"excerpt":{"rendered":"<p>Trabajemos Usted tambi\u00e9n puede trabajar en Despacio. Abajo puede ver algunas de las oportunidades abiertas. Primero le damos la opci\u00f3n de presentarse en general (sin un cargo espec\u00edfico al que quiera presentarse), y luego puede haber oportunidades espec\u00edficas. &nbsp; Para cualquier cargo Si quiere darnos su informaci\u00f3n para que le tengamos en cuenta para cualquier&hellip;<\/p>","protected":false},"author":1,"featured_media":0,"parent":0,"menu_order":0,"comment_status":"closed","ping_status":"closed","template":"","meta":{"_acf_changed":false,"footnotes":""},"class_list":["post-27689","page","type-page","status-publish","hentry"],"acf":[],"_links":{"self":[{"href":"https:\/\/despacio.org\/en\/wp-json\/wp\/v2\/pages\/27689","targetHints":{"allow":["GET"]}}],"collection":[{"href":"https:\/\/despacio.org\/en\/wp-json\/wp\/v2\/pages"}],"about":[{"href":"https:\/\/despacio.org\/en\/wp-json\/wp\/v2\/types\/page"}],"author":[{"embeddable":true,"href":"https:\/\/despacio.org\/en\/wp-json\/wp\/v2\/users\/1"}],"replies":[{"embeddable":true,"href":"https:\/\/despacio.org\/en\/wp-json\/wp\/v2\/comments?post=27689"}],"version-history":[{"count":1,"href":"https:\/\/despacio.org\/en\/wp-json\/wp\/v2\/pages\/27689\/revisions"}],"predecessor-version":[{"id":27692,"href":"https:\/\/despacio.org\/en\/wp-json\/wp\/v2\/pages\/27689\/revisions\/27692"}],"wp:attachment":[{"href":"https:\/\/despacio.org\/en\/wp-json\/wp\/v2\/media?parent=27689"}],"curies":[{"name":"wp","href":"https:\/\/api.w.org\/{rel}","templated":true}]}}