{"id":11,"date":"2025-12-02T23:05:09","date_gmt":"2025-12-02T23:05:09","guid":{"rendered":"https:\/\/despacio.org\/?page_id=11"},"modified":"2026-04-23T17:25:08","modified_gmt":"2026-04-23T17:25:08","slug":"inicio","status":"publish","type":"page","link":"https:\/\/despacio.org\/en\/","title":{"rendered":"Home"},"content":{"rendered":"<h1 class=\"translation-block\"><span class=\"line\"><strong>Challenging<\/strong> the intuitive<br>\n<\/span><span class=\"line\">in <strong>cities<\/strong><br>\n<\/span><span class=\"line\">and in <strong>life.<\/strong><br>\n<\/span><\/h1>\n\t\t\t\t\t\t\t\t\t<img loading=\"lazy\" decoding=\"async\" src=\"https:\/\/despacio.org\/wp-content\/uploads\/2026\/02\/ilusbiblioteca.png\" alt=\"ilusbiblioteca\" itemprop=\"image\" height=\"384\" width=\"500\" srcset=\"https:\/\/despacio.org\/wp-content\/uploads\/2026\/02\/ilusbiblioteca.png 500w, https:\/\/despacio.org\/wp-content\/uploads\/2026\/02\/ilusbiblioteca-300x230.png 300w\" sizes=\"auto, (max-width: 500px) 100vw, 500px\" title=\"ilusbiblioteca\" onerror=\"this.style.display='none'\"  \/>\n\t<strong>Library <\/strong><br \/>\nDigital\n\t<p>This is a space where you can find various collections of documents and publications on topics related to Despacio.<\/p>\n<p>Each section is dedicated to women who have inspired our work and to whom we pay tribute.<\/p>\n\t<a href=\"https:\/\/despacio.org\/en\/biblioteca\/\" target=\"_self\" role=\"button\" aria-label=\"Conoce M\u00e1s\">\n\t\t\t\t\t\tConoce M\u00e1s\n\t\t\t\t\t<\/a>\n\t<a href=\"https:\/\/despacio.org\/en\/noticias\/\" target=\"_self\" role=\"button\" aria-label=\"Ver Todas Las Noticias\">\n\t\t\t\t\t\tVer Todas Las Noticias\n\t\t\t\t\t<\/a>","protected":false},"excerpt":{"rendered":"<p>Retamos lo intuitivo en las ciudades y en la vida. Biblioteca Digital Este es un lugar donde se encuentran varias colecciones de documentos y publicaciones sobre temas relacionados con Despacio. Cada secci\u00f3n est\u00e1 dedicada a mujeres que han inspirado nuestro trabajo y a las que se les rinde homenaje. Conoce M\u00e1s Ver Todas Las Noticias<\/p>","protected":false},"author":1,"featured_media":0,"parent":0,"menu_order":0,"comment_status":"closed","ping_status":"closed","template":"","meta":{"_acf_changed":false,"footnotes":""},"class_list":["post-11","page","type-page","status-publish","hentry"],"acf":[],"_links":{"self":[{"href":"https:\/\/despacio.org\/en\/wp-json\/wp\/v2\/pages\/11","targetHints":{"allow":["GET"]}}],"collection":[{"href":"https:\/\/despacio.org\/en\/wp-json\/wp\/v2\/pages"}],"about":[{"href":"https:\/\/despacio.org\/en\/wp-json\/wp\/v2\/types\/page"}],"author":[{"embeddable":true,"href":"https:\/\/despacio.org\/en\/wp-json\/wp\/v2\/users\/1"}],"replies":[{"embeddable":true,"href":"https:\/\/despacio.org\/en\/wp-json\/wp\/v2\/comments?post=11"}],"version-history":[{"count":1,"href":"https:\/\/despacio.org\/en\/wp-json\/wp\/v2\/pages\/11\/revisions"}],"predecessor-version":[{"id":26745,"href":"https:\/\/despacio.org\/en\/wp-json\/wp\/v2\/pages\/11\/revisions\/26745"}],"wp:attachment":[{"href":"https:\/\/despacio.org\/en\/wp-json\/wp\/v2\/media?parent=11"}],"curies":[{"name":"wp","href":"https:\/\/api.w.org\/{rel}","templated":true}]}}